{"id":7,"date":"2024-07-04T12:54:55","date_gmt":"2024-07-04T10:54:55","guid":{"rendered":"https:\/\/akciovyguru.cz\/?page_id=7"},"modified":"2024-07-04T13:02:12","modified_gmt":"2024-07-04T11:02:12","slug":"uvodni-stranka","status":"publish","type":"page","link":"https:\/\/akciovyguru.cz\/","title":{"rendered":"\u00davodn\u00ed str\u00e1nka"},"content":{"rendered":"\n<div class=\"wp-block-cover alignfull mb-0\" style=\"min-height:100vh;aspect-ratio:unset;\"><span aria-hidden=\"true\" class=\"wp-block-cover__background has-background-dim-0 has-background-dim\" style=\"background-color:#674d3d\"><\/span><img loading=\"lazy\" decoding=\"async\" width=\"2000\" height=\"1120\" class=\"wp-block-cover__image-background wp-image-10\" alt=\"\" src=\"https:\/\/akciovyguru.cz\/wp-content\/uploads\/2024\/07\/header-banner.png\" data-object-fit=\"cover\" srcset=\"https:\/\/akciovyguru.cz\/wp-content\/uploads\/2024\/07\/header-banner.png 2000w, https:\/\/akciovyguru.cz\/wp-content\/uploads\/2024\/07\/header-banner-300x168.png 300w, https:\/\/akciovyguru.cz\/wp-content\/uploads\/2024\/07\/header-banner-1024x573.png 1024w, https:\/\/akciovyguru.cz\/wp-content\/uploads\/2024\/07\/header-banner-768x430.png 768w, https:\/\/akciovyguru.cz\/wp-content\/uploads\/2024\/07\/header-banner-1536x860.png 1536w, https:\/\/akciovyguru.cz\/wp-content\/uploads\/2024\/07\/header-banner-1200x672.png 1200w, https:\/\/akciovyguru.cz\/wp-content\/uploads\/2024\/07\/header-banner-1980x1109.png 1980w\" sizes=\"auto, (max-width: 2000px) 100vw, 2000px\" \/><div class=\"wp-block-cover__inner-container is-layout-constrained wp-block-cover-is-layout-constrained\"><div class=\"wp-block-image\">\n<figure class=\"aligncenter size-full\"><img loading=\"lazy\" decoding=\"async\" width=\"297\" height=\"200\" src=\"https:\/\/akciovyguru.cz\/wp-content\/uploads\/2024\/07\/akciovyguru.png\" alt=\"\" class=\"wp-image-17\"\/><\/figure>\n<\/div>\n\n\n<p class=\"has-text-align-center has-large-font-size\">Str\u00e1nky pro uzav\u0159enou komunitu ve v\u00fdstavb\u011b.<\/p>\n<\/div><\/div>\n","protected":false},"excerpt":{"rendered":"","protected":false},"author":1,"featured_media":0,"parent":0,"menu_order":0,"comment_status":"closed","ping_status":"closed","template":"","meta":{"footnotes":""},"class_list":["post-7","page","type-page","status-publish","hentry"],"_links":{"self":[{"href":"https:\/\/akciovyguru.cz\/index.php?rest_route=\/wp\/v2\/pages\/7","targetHints":{"allow":["GET"]}}],"collection":[{"href":"https:\/\/akciovyguru.cz\/index.php?rest_route=\/wp\/v2\/pages"}],"about":[{"href":"https:\/\/akciovyguru.cz\/index.php?rest_route=\/wp\/v2\/types\/page"}],"author":[{"embeddable":true,"href":"https:\/\/akciovyguru.cz\/index.php?rest_route=\/wp\/v2\/users\/1"}],"replies":[{"embeddable":true,"href":"https:\/\/akciovyguru.cz\/index.php?rest_route=%2Fwp%2Fv2%2Fcomments&post=7"}],"version-history":[{"count":7,"href":"https:\/\/akciovyguru.cz\/index.php?rest_route=\/wp\/v2\/pages\/7\/revisions"}],"predecessor-version":[{"id":20,"href":"https:\/\/akciovyguru.cz\/index.php?rest_route=\/wp\/v2\/pages\/7\/revisions\/20"}],"wp:attachment":[{"href":"https:\/\/akciovyguru.cz\/index.php?rest_route=%2Fwp%2Fv2%2Fmedia&parent=7"}],"curies":[{"name":"wp","href":"https:\/\/api.w.org\/{rel}","templated":true}]}}